{"id":8,"date":"2012-07-11T14:57:38","date_gmt":"2012-07-11T18:57:38","guid":{"rendered":"http:\/\/www.xorph.com\/jadixon\/?page_id=8"},"modified":"2026-02-07T15:00:09","modified_gmt":"2026-02-07T19:00:09","slug":"about-j-a-dixon","status":"publish","type":"page","link":"https:\/\/www.xorph.com\/jadixon\/about-j-a-dixon","title":{"rendered":"J A Dixon, artist"},"content":{"rendered":"<p><img loading=\"lazy\" decoding=\"async\" class=\"alignleft size-medium wp-image-21\" title=\"The Collage Miniaturist\" src=\"http:\/\/www.xorph.com\/jadixon\/wp-content\/uploads\/2012\/07\/Dixon_HappyHappy-300x218.jpg\" title=\"J A Dixon is The Collage Miniaturist\" width=\"300\" height=\"218\" srcset=\"https:\/\/www.xorph.com\/jadixon\/wp-content\/uploads\/2012\/07\/Dixon_HappyHappy-300x218.jpg 300w, https:\/\/www.xorph.com\/jadixon\/wp-content\/uploads\/2012\/07\/Dixon_HappyHappy.jpg 543w\" sizes=\"(max-width: 300px) 100vw, 300px\" \/><\/p>\n<p>&nbsp;<\/p>\n<p>&nbsp;<\/p>\n<p>&nbsp;<\/p>\n<p>&nbsp;<\/p>\n<p>&nbsp;<\/p>\n<p>&nbsp;<\/p>\n<p>&nbsp;<\/p>\n<p>&nbsp;<\/p>\n<p>&nbsp;<\/p>\n<p><em>The Collage Miniaturist<\/em> welcomes you to this log of creative thoughts and images. He encourages you to visit frequently, to make comments, and, if you see a collage miniature that pleases you, to <a href=\"http:\/\/www.xorph.com\/jadixon\/buy-miniatures\">purchase it<\/a> for a collection.<br \/>\n&nbsp;<\/p>\n<p><a href=\"http:\/\/www.xorph.com\/jadixon\/wp-content\/uploads\/2024\/05\/DixonLKY_ArtistApproachEastside.pdf\" rel=\"noopener noreferrer\" target=\"_blank\"><em><strong>Collage Approach for LITTER-ALLY KENTUCKY, 2024<\/strong><\/em><\/a><br \/>\n&nbsp;<\/p>\n<p><a href=\"https:\/\/www.artsconnectlex.org\/john-andrew-dixon-jan-mar.html\" rel=\"noopener noreferrer\" target=\"_blank\"><em><strong>Artist Profile for CHANGE OF SEEN, 2022<\/strong><\/em><\/a><br \/>\n&nbsp;<\/p>\n<p><a href=\"https:\/\/www.xorph.com\/jadixon\/archives\/category\/artists-collage\/j-a-dixon\" title=\"Explore the creations of John Andrew Dixon.\" target=\"_blank\" rel=\"noopener noreferrer\"><em><strong>John Andrew Dixon<\/strong><\/em><\/a><\/p>\n<p>From a solid foundation in design, John Andrew Dixon creates intricate collage artworks full of color and visual allusions. By repurposing discarded paper, ruined publications, and other devalued remnants of everyday culture, he uses his aesthetic sensitivity to produce enduring artworks that exemplify his refined process of intuition and exceptional artisanship.<a href=\"http:\/\/www.xorph.com\/jadixon\/wp-content\/uploads\/2012\/07\/JADixonStudio.jpg\" target=\"_blank\" rel=\"noopener noreferrer\"><img loading=\"lazy\" decoding=\"async\" src=\"http:\/\/www.xorph.com\/jadixon\/wp-content\/uploads\/2012\/07\/JADixonStudio.jpg\" alt=\"John Andrew Dixon in his collage studio\" title=\"Here is your Collage Miniaturist at work in one of his assorted studios.\" width=\"195\" height=\"255\" hspace=\"13\" vspace=\"14\" align=right size-full wp-image-7460\" srcset=\"https:\/\/www.xorph.com\/jadixon\/wp-content\/uploads\/2012\/07\/JADixonStudio.jpg 325w, https:\/\/www.xorph.com\/jadixon\/wp-content\/uploads\/2012\/07\/JADixonStudio-300x392.jpg 300w\" sizes=\"(max-width: 195px) 100vw, 195px\" \/><\/a> Dense with layers of ingredients, his work captures a visual balance that is rich with spatial harmony (color, shape, texture, rhythm) and emotional impressions (surprise, intrigue, beauty, joy).<\/p>\n<p>\u201cI am struck by the capacity to spontaneously create value from found material and stuff of little intrinsic worth,\u201d Dixon says. \u201cI balance my approach by considering collage as both artifact and painting. The result is derived as much from creative impulse as rational thought, almost like improvisational music. Anything cast off has the potential to be reinvigorated and infused with new meaning. Collage is ideally suited to individual interpretations and offers a universal intuitive experience for observers. I\u2019m gratified when others share in this sense of receptivity and pure discovery.\u201d<\/p>\n<p>By commission, Dixon also offers what he calls \u201clegacy collage.\u201d Using furnished artifacts from travels, career, or a lifetime, he creates archival works of art that provide patrons a way to preserve and display significant elements from their documents and clippings. These works make ideal gifts to esteemed individuals or their heirs. With his illustrative abilities and mixed media skills, Dixon can include creations from his own hand in the commissioned piece. He refrains from using ink-jet reproductions in his work and avoids dissecting books that can still fulfill a useful life.<\/p>\n<p>To understand collage and its history as an art form, Dixon has studied the work of Schwitters, H\u00f6ch, Hausmann, Cornell, Rauschenberg, Hamilton, Otnes, and Kol\u00e1\u0159, as well as contemporary practitioners. Dixon earned a degree in Graphic Design from the University of Cincinnati College of Design, Architecture, Art, and Planning (DAAP). After working in Brussels and Chicago, teaching design fundamentals at Wright State University in Ohio, and a 40-year career as an award-winning designer and illustrator, Dixon brings a mature focus to his work in mixed media. As <a href=\"http:\/\/www.xorph.com\/jadixon\/roster-of-shows\" rel=\"noopener noreferrer\" target=\"_blank\">a fine artist and exhibitor<\/a>, he is a regular blogger on the topic of collage and is active in ongoing joint ventures among regional creatives. In 2017, he was named an adjudicated member of the Kentucky Crafted Program administered by the Kentucky Arts Council. Working from a studio and gallery in the heart of downtown Danville, Dixon and his wife and partner, Dana, offer visual communication solutions to institutions and entrepreneurs. His current work is displayed at Dixon Design and available by appointment. Many of his <a href=\"http:\/\/www.xorph.com\/jadixon\/buy-miniatures\" rel=\"noopener noreferrer\" target=\"_blank\"> collage miniatures<\/a> and <a href=\"http:\/\/www.xorph.com\/jadixon\/larger-works-too\" rel=\"noopener noreferrer\" target=\"_blank\"> larger works<\/a> can be purchased directly from this site.<\/p>\n<p>As a local leader, Dixon has volunteered on many boards and was presented the <em>David Bell Birney Hope Award<\/em> for outstanding community service in 2010. An avid bicyclist, he has contributed his talents to local efforts on behalf of bicyclist-pedestrian safety and accommodations. He was appointed to the Kentucky Bicycle and Bikeway Commission as an adviser to the Transportation Cabinet and was named to the Honorable Order of Kentucky Colonels. He is also widely recognized for his association with <a href=\"http:\/\/www.xorph.com\/jadixon\/archives\/13441\" rel=\"noopener noreferrer\" target=\"_blank\">The Great American Brass Band Festival<\/a>, <a href=\"http:\/\/www.xorph.com\/jadixon\/wp-content\/uploads\/2020\/01\/BlueBankFarm_Fog2019.jpg\" target=\"_blank\" rel=\"noopener noreferrer\"><img loading=\"lazy\" decoding=\"async\" src=\"http:\/\/www.xorph.com\/jadixon\/wp-content\/uploads\/2020\/01\/BlueBankFarm_Fog2019.jpg\" title=\"a family resource and legacy of stewardship to new generations\" width=\"255\" height=\"180\" hspace=\"11\" vspace=\"20\" align=right size-full wp-image-7460\" \/><\/a>having created ten of the annual posters during its 30-plus-year existence as one of the \u201cbest events in the Bluegrass.\u201d<\/p>\n<p>Dixon and his six siblings grew up in rural Ohio. Inspired by their parents\u2019 values, each migrated to Central Kentucky to reside in proximity, having made a mutual pledge to share a quality of life as a close-knit extended family. Since 1979, a remote farm retreat in the Knobs of Casey County has been their unifying focus \u2014 a legacy of stewardship to new generations.<\/p>\n<p>&nbsp;<\/p>\n<p><a href=\"mailto:jd@dixondesign.com\">Make contact.<\/a><br \/>\n&nbsp;<\/p>\n<p style=\"font-size: 93%; line-height: 136%; margin-top: 20px; margin-bottom: 1px; color: gray; padding-left: 44px;\" align=\"left\">&nbsp;<\/p>\n<p style=\"font-size: 88%; line-height: 177%; margin-top: -27px; margin-bottom: 27px; color: #BBAABB; padding-right: 11px; padding-left: 0px;\" align=\"left\"><em><strong>NOTE: All artworks and creative property published within this website <\/strong>(<a href=\"https:\/\/www.xorph.com\/jadixon\/\" rel=\"noopener\" target=\"_blank\">The Collage Miniaturist<\/a>) <strong>are fully protected, with all rights reserved under copyright or database law. I, John Andrew Dixon, refuse permission to any organization or individual acting or seeking to use this site to train large language models. My consent is lawfully withheld.<\/strong><\/em><\/p>\n","protected":false},"excerpt":{"rendered":"<p>&nbsp; &nbsp; &nbsp; &nbsp; &nbsp; &nbsp; &nbsp; &nbsp; &nbsp; The Collage Miniaturist welcomes you to this log of creative thoughts and images. He encourages you to visit frequently, to make comments, and, if you see a collage miniature that pleases you, to purchase it for a collection. &nbsp; Collage Approach for LITTER-ALLY KENTUCKY, 2024 &nbsp; [&hellip;]<\/p>\n","protected":false},"author":1,"featured_media":0,"parent":0,"menu_order":0,"comment_status":"closed","ping_status":"closed","template":"","meta":{"footnotes":""},"_links":{"self":[{"href":"https:\/\/www.xorph.com\/jadixon\/wp-json\/wp\/v2\/pages\/8"}],"collection":[{"href":"https:\/\/www.xorph.com\/jadixon\/wp-json\/wp\/v2\/pages"}],"about":[{"href":"https:\/\/www.xorph.com\/jadixon\/wp-json\/wp\/v2\/types\/page"}],"author":[{"embeddable":true,"href":"https:\/\/www.xorph.com\/jadixon\/wp-json\/wp\/v2\/users\/1"}],"replies":[{"embeddable":true,"href":"https:\/\/www.xorph.com\/jadixon\/wp-json\/wp\/v2\/comments?post=8"}],"version-history":[{"count":10,"href":"https:\/\/www.xorph.com\/jadixon\/wp-json\/wp\/v2\/pages\/8\/revisions"}],"predecessor-version":[{"id":20528,"href":"https:\/\/www.xorph.com\/jadixon\/wp-json\/wp\/v2\/pages\/8\/revisions\/20528"}],"wp:attachment":[{"href":"https:\/\/www.xorph.com\/jadixon\/wp-json\/wp\/v2\/media?parent=8"}],"curies":[{"name":"wp","href":"https:\/\/api.w.org\/{rel}","templated":true}]}}